{"id":2643,"date":"2025-02-20T13:45:32","date_gmt":"2025-02-20T10:45:32","guid":{"rendered":"https:\/\/www.saricakaya.bel.tr\/?page_id=2643"},"modified":"2025-02-20T14:04:03","modified_gmt":"2025-02-20T11:04:03","slug":"nikah-islemleri","status":"publish","type":"page","link":"https:\/\/www.saricakaya.bel.tr\/?page_id=2643","title":{"rendered":"Nikah \u0130\u015flemleri"},"content":{"rendered":"<div data-colibri-id=\"2643-c1\" class=\"style-796 style-local-2643-c1 position-relative\">\n  <!---->\n  <div data-colibri-component=\"section\" data-colibri-id=\"2643-c2\" id=\"custom\" class=\"h-section h-section-global-spacing d-flex align-items-lg-center align-items-md-center align-items-center style-797 style-local-2643-c2 position-relative\">\n    <!---->\n    <!---->\n    <div class=\"h-section-grid-container h-section-boxed-container\">\n      <!---->\n      <div data-colibri-id=\"2643-c3\" class=\"h-row-container gutters-row-lg-2 gutters-row-md-2 gutters-row-0 gutters-row-v-lg-2 gutters-row-v-md-2 gutters-row-v-2 style-798 style-local-2643-c3 position-relative\">\n        <!---->\n        <div class=\"h-row justify-content-lg-center justify-content-md-center justify-content-center align-items-lg-stretch align-items-md-stretch align-items-stretch gutters-col-lg-2 gutters-col-md-2 gutters-col-0 gutters-col-v-lg-2 gutters-col-v-md-2 gutters-col-v-2\">\n          <!---->\n          <div class=\"h-column h-column-container d-flex h-col-lg-auto h-col-md-auto h-col-auto style-799-outer style-local-2643-c4-outer\">\n            <div data-colibri-id=\"2643-c4\" class=\"d-flex h-flex-basis h-column__inner h-ui-empty-state-container h-px-lg-2 h-px-md-2 h-px-2 v-inner-lg-2 v-inner-md-2 v-inner-2 style-799 style-local-2643-c4 position-relative\">\n              <!---->\n              <!---->\n              <div class=\"w-100 h-y-container h-column__content h-column__v-align flex-basis-100\">\n                <!---->\n              <\/div>\n            <\/div>\n          <\/div>\n        <\/div>\n      <\/div>\n    <\/div>\n  <\/div>\n  <div data-colibri-component=\"section\" data-colibri-id=\"2643-c5\" id=\"overlappable\" class=\"h-section h-section-global-spacing d-flex align-items-lg-center align-items-md-center align-items-center style-800 style-local-2643-c5 position-relative\">\n    <!---->\n    <!---->\n    <div class=\"h-section-grid-container h-section-boxed-container\">\n      <!---->\n      <div data-colibri-id=\"2643-c6\" class=\"h-row-container gutters-row-lg-2 gutters-row-md-0 gutters-row-2 gutters-row-v-lg-2 gutters-row-v-md-0 gutters-row-v-2 style-801 style-local-2643-c6 position-relative\">\n        <!---->\n        <div class=\"h-row justify-content-lg-center justify-content-md-center justify-content-center align-items-lg-stretch align-items-md-stretch align-items-stretch gutters-col-lg-2 gutters-col-md-0 gutters-col-2 gutters-col-v-lg-2 gutters-col-v-md-0 gutters-col-v-2\">\n          <!---->\n          <div class=\"h-column h-column-container d-flex h-col-lg-4 h-col-md-4 h-col-12 style-802-outer style-local-2643-c7-outer\">\n            <div data-colibri-id=\"2643-c7\" class=\"d-flex h-flex-basis h-column__inner h-px-lg-2 h-px-md-3 h-px-2 v-inner-lg-0 v-inner-md-3 v-inner-2 style-802 style-local-2643-c7 position-relative\">\n              <!---->\n              <!---->\n              <div class=\"w-100 h-y-container h-column__content h-column__v-align flex-basis-100 align-self-lg-start align-self-md-start align-self-start\">\n                <!---->\n                <div data-colibri-id=\"2643-c8\" class=\"h-icon style-803 style-local-2643-c8 position-relative h-element\">\n                  <!----><span class=\"h-svg-icon h-icon__icon style-803-icon style-local-2643-c8-icon\"><!--Icon by Font Awesome (https:\/\/fontawesome.com)-->\n    <svg version=\"1.1\" xmlns=\"http:\/\/www.w3.org\/2000\/svg\" xmlns:xlink=\"http:\/\/www.w3.org\/1999\/xlink\" id=\"file-text-o\" viewBox=\"0 0 1611.2499 1896.0833\">\n      <path d=\"M1468 380q28 28 48 76t20 88v1152q0 40-28 68t-68 28H96q-40 0-68-28t-28-68V96q0-40 28-68T96 0h896q40 0 88 20t76 48zm-444-244v376h376q-10-29-22-41l-313-313q-12-12-41-22zm384 1528V640H992q-40 0-68-28t-28-68V128H128v1536h1280zM384 800q0-14 9-23t23-9h704q14 0 23 9t9 23v64q0 14-9 23t-23 9H416q-14 0-23-9t-9-23v-64zm736 224q14 0 23 9t9 23v64q0 14-9 23t-23 9H416q-14 0-23-9t-9-23v-64q0-14 9-23t23-9h704zm0 256q14 0 23 9t9 23v64q0 14-9 23t-23 9H416q-14 0-23-9t-9-23v-64q0-14 9-23t23-9h704z\"><\/path>\n    <\/svg><\/span><\/div>\n                <div data-colibri-id=\"2643-c9\" class=\"h-global-transition-all h-heading style-804 style-local-2643-c9 position-relative h-element\">\n                  <!---->\n                  <div class=\"h-heading__outer style-804 style-local-2643-c9\">\n                    <!---->\n                    <!---->\n                    <h6 class=\"\">M\u00dcRACAAT \u0130\u015eLEMLER\u0130<\/h6>\n                  <\/div>\n                <\/div>\n                <div data-colibri-id=\"2643-c10\" class=\"h-lead h-text h-text-component style-805 style-local-2643-c10 position-relative h-element\">\n                  <!---->\n                  <!---->\n                  <div class=\"\">\n                    <p><span style=\"font-weight: 400; font-size: 16px; font-family: &quot;Varela Round&quot;; color: rgb(111, 111, 111);\">Nik\u00e2h i\u015flemleri i\u00e7in ba\u015fvuru esnas\u0131nda \u00e7iftlerin birlikte gelmeleri gerekmektedir. Evlenecek ki\u015fi m\u00fcracaat i\u015flemini vekil olarak atad\u0131\u011f\u0131 ki\u015fi vas\u0131tas\u0131 ile de y\u00fcr\u00fctebilmektedir. Bunun i\u00e7in noterden \u00f6zel vek\u00e2letname d\u00fczenlenmesi ve bu vek\u00e2letnamede, vekalet veren ile vekili ve evlenece\u011fi ki\u015finin tam kimlik bilgilerinin bulunmas\u0131, evlenme i\u015flemlerinin y\u00fcr\u00fct\u00fclmesi i\u00e7in verilmi\u015f oldu\u011funun a\u00e7\u0131k\u00e7a belirtilmesi gerekmektedir. (Vek\u00e2let ile evlenme yap\u0131lamaz.)<\/span><\/p>\n                  <\/div>\n                <\/div>\n              <\/div>\n            <\/div>\n          <\/div>\n          <div class=\"h-column h-column-container d-flex h-col-lg-4 h-col-md-4 h-col-12 style-802-outer style-local-2643-c11-outer\">\n            <div data-colibri-id=\"2643-c11\" class=\"d-flex h-flex-basis h-column__inner h-px-lg-2 h-px-md-3 h-px-2 v-inner-lg-0 v-inner-md-3 v-inner-2 style-802 style-local-2643-c11 position-relative\">\n              <!---->\n              <!---->\n              <div class=\"w-100 h-y-container h-column__content h-column__v-align flex-basis-100 align-self-lg-start align-self-md-start align-self-start\">\n                <!---->\n                <div data-colibri-id=\"2643-c12\" class=\"h-icon style-803 style-local-2643-c12 position-relative h-element\">\n                  <!----><span class=\"h-svg-icon h-icon__icon style-803-icon style-local-2643-c12-icon\"><!--Icon by Font Awesome (https:\/\/fontawesome.com)-->\n    <svg version=\"1.1\" xmlns=\"http:\/\/www.w3.org\/2000\/svg\" xmlns:xlink=\"http:\/\/www.w3.org\/1999\/xlink\" id=\"heart-o\" viewBox=\"0 0 1792 1896.0833\">\n      <path d=\"M1664 596q0-81-21.5-143t-55-98.5T1506 295t-94-31-98-8-112 25.5-110.5 64-86.5 72-60 61.5q-18 22-49 22t-49-22q-24-28-60-61.5t-86.5-72-110.5-64T478 256t-98 8-94 31-81.5 59.5-55 98.5T128 596q0 168 187 355l581 560 580-559q188-188 188-356zm128 0q0 221-229 450l-623 600q-18 18-44 18t-44-18l-624-602q-10-8-27.5-26T145 952.5 77 855 23.5 734 0 596q0-220 127-344t351-124q62 0 126.5 21.5t120 58T820 276t76 68q36-36 76-68t95.5-68.5 120-58T1314 128q224 0 351 124t127 344z\"><\/path>\n    <\/svg><\/span><\/div>\n                <div data-colibri-id=\"2643-c13\" class=\"h-global-transition-all h-heading style-804 style-local-2643-c13 position-relative h-element\">\n                  <!---->\n                  <div class=\"h-heading__outer style-804 style-local-2643-c13\">\n                    <!---->\n                    <!---->\n                    <h6 class=\"\">GEREKL\u0130 BELGELER<\/h6>\n                  <\/div>\n                <\/div>\n                <div data-colibri-id=\"2643-c14\" class=\"h-lead h-text h-text-component style-805 style-local-2643-c14 position-relative h-element\">\n                  <!---->\n                  <!---->\n                  <div class=\"\">\n                    <p><span style=\"color: rgb(111, 111, 111); font-family: &quot;Varela Round&quot;; font-size: 16px; font-weight: 400;\">&#8211; T.C. Kimlik kartlar\u0131n\u0131n ASLI ve FOTOKOP\u0130S\u0130 E\u011fer eski N\u00fcfus C\u00fczdan\u0131 mevcut ise son medeni hali i\u015flenmi\u015f olmal\u0131d\u0131r. TC Kimlik numaras\u0131 olmayan ve y\u0131pranm\u0131\u015f N\u00fcfus C\u00fczdanlar\u0131 kabul edilmemektedir. 4 adet renkli vesikal\u0131k foto\u011fraf t\u00fcm foto\u011fraflar ayn\u0131 olmal\u0131d\u0131r. Teslim edilecek foto\u011fraflar\u0131n; \u00f6n cepheden, sivil giysilerle, son alt\u0131 ay i\u00e7erisinde \u00e7ekilmi\u015f, ki\u015finin son halini g\u00f6steren foto\u011fraflar olmas\u0131 gerekir.&nbsp;<\/span>\n                      <br><span style=\"font-weight: 400; font-size: 16px; font-family: &quot;Varela Round&quot;; color: rgb(111, 111, 111);\">Evlenme Sa\u011fl\u0131k Raporu&nbsp;<\/span>\n                      <br>\n                    <\/p>\n                  <\/div>\n                <\/div>\n              <\/div>\n            <\/div>\n          <\/div>\n          <div class=\"h-column h-column-container d-flex h-col-lg-4 h-col-md-4 h-col-12 style-802-outer style-local-2643-c15-outer\">\n            <div data-colibri-id=\"2643-c15\" class=\"d-flex h-flex-basis h-column__inner h-px-lg-2 h-px-md-3 h-px-2 v-inner-lg-0 v-inner-md-3 v-inner-2 style-802 style-local-2643-c15 position-relative\">\n              <!---->\n              <!---->\n              <div class=\"w-100 h-y-container h-column__content h-column__v-align flex-basis-100 align-self-lg-start align-self-md-start align-self-start\">\n                <!---->\n                <div data-colibri-id=\"2643-c16\" class=\"h-icon style-803 style-local-2643-c16 position-relative h-element\">\n                  <!----><span class=\"h-svg-icon h-icon__icon style-803-icon style-local-2643-c16-icon\"><!--Icon by Socicon (http:\/\/www.socicon.com)--><svg version=\"1.1\" xmlns=\"http:\/\/www.w3.org\/2000\/svg\" viewBox=\"0 0 1500 1500\">\n\n<path d=\"M1110 1071l-97.5-97.5c-84-84-358.5-378-358.5-654 0-43.5 6-85.5 18-126h-441c-88.5 0-159 70.5-159 159v990c0 88.5 70.5 159 159 159h990c88.5 0 159-70.5 159-159v-568.5c-48 63-105 129-172.5 198l-97.5 99zM492 1362c-156 0-282-124.5-282-280.5s126-282 282-282c73.5 0 138 28.5 187.5 73.5l-79.5 79.5c-30-25.5-67.5-40.5-109.5-40.5-93 0-169.5 76.5-169.5 169.5s76.5 169.5 169.5 169.5c78 0 132-46.5 151.5-112.5h-150v-108h264c22.5 111-18 331.5-264 331.5zM1428 318c0-175.5-142.5-318-319.5-318s-318 142.5-318 318 166.5 406.5 318 556.5c181.5-183 319.5-379.5 319.5-556.5zM975 303c0-73.5 60-133.5 133.5-133.5s133.5 60 133.5 133.5c0 73.5-60 133.5-133.5 133.5s-133.5-60-133.5-133.5z\"><\/path>\n<\/svg>\n<\/span><\/div>\n                <div data-colibri-id=\"2643-c17\" class=\"h-global-transition-all h-heading style-804 style-local-2643-c17 position-relative h-element\">\n                  <!---->\n                  <div class=\"h-heading__outer style-804 style-local-2643-c17\">\n                    <!---->\n                    <!---->\n                    <h6 class=\"\">YABANCI UYRUKLU VATANDA\u015eLAR \u0130\u00c7\u0130N&nbsp;<\/h6>\n                  <\/div>\n                <\/div>\n                <div data-colibri-id=\"2643-c18\" class=\"h-lead h-text h-text-component style-805 style-local-2643-c18 position-relative h-element\">\n                  <!---->\n                  <!---->\n                  <div class=\"\">\n                    <p><span style=\"font-weight: 400; font-size: 16px; font-family: &quot;Varela Round&quot;; color: rgb(111, 111, 111);\">&nbsp;Evlenme Ehliyet Belgesi ve Do\u011fum Belgesi; T\u00fcrkiye Cumhuriyeti vatanda\u015f\u0131 olmayan yabanc\u0131lar i\u00e7in yetkili merkezi makamlarca veya o devletin yerel temsilcilikleri taraf\u0131ndan ki\u015finin; ad\u0131, soyad\u0131, anne- baba ad\u0131 ile do\u011fum tarihi ve do\u011fum yeri, medeni durumu (evlenmesine engel halinin bulunup bulunmad\u0131\u011f\u0131n\u0131) g\u00f6sterir \u015fekilde d\u00fczenlenmi\u015f ve usul\u00fcne g\u00f6re tasdik edilmi\u015f&nbsp;<\/span>\n                      <strong\n                        style=\"font-size: 16px; font-family: &quot;Varela Round&quot;; color: rgb(111, 111, 111);\">&#8220;Evlenme Ehliyet Belgesi&#8221;<\/strong><span style=\"font-size: 16px; font-family: &quot;Varela Round&quot;; color: rgb(111, 111, 111); font-weight: 400;\">, Evlenme Ehliyet Belgesinde anne- baba ad\u0131, yok ise anne- baba ad\u0131n\u0131 g\u00f6sterir&nbsp;<\/span>\n                        <strong\n                          style=\"font-size: 16px; font-family: &quot;Varela Round&quot;; color: rgb(111, 111, 111);\">&#8220;Do\u011fum Belgesi&#8221;<\/strong><span style=\"font-size: 16px; font-family: &quot;Varela Round&quot;; color: rgb(111, 111, 111); font-weight: 400;\">&nbsp;ile evlenme ba\u015fvurusu yapabilirler.<\/span>\n                          <br><span style=\"font-weight: 400; font-size: 16px; font-family: &quot;Varela Round&quot;; color: rgb(111, 111, 111);\">&#8211; Pasaport asl\u0131,<\/span>\n                          <br><span style=\"font-weight: 400; font-size: 16px; font-family: &quot;Varela Round&quot;; color: rgb(111, 111, 111);\">&#8211; M\u00fclteciler, il g\u00f6\u00e7 idaresinden evlenme ehliyet belgesi almalar\u0131 gerekmektedir.<\/span><\/p>\n                  <\/div>\n                <\/div>\n              <\/div>\n            <\/div>\n          <\/div>\n        <\/div>\n      <\/div>\n    <\/div>\n  <\/div>\n<\/div>","protected":false},"excerpt":{"rendered":"<p>M\u00dcRACAAT \u0130\u015eLEMLER\u0130 Nik\u00e2h i\u015flemleri i\u00e7in ba\u015fvuru esnas\u0131nda \u00e7iftlerin birlikte gelmeleri gerekmektedir. Evlenecek ki\u015fi m\u00fcracaat i\u015flemini vekil olarak atad\u0131\u011f\u0131 ki\u015fi vas\u0131tas\u0131 ile de y\u00fcr\u00fctebilmektedir. Bunun i\u00e7in noterden \u00f6zel vek\u00e2letname d\u00fczenlenmesi ve bu vek\u00e2letnamede, vekalet veren ile vekili ve evlenece\u011fi ki\u015finin tam kimlik bilgilerinin bulunmas\u0131, evlenme i\u015flemlerinin y\u00fcr\u00fct\u00fclmesi i\u00e7in verilmi\u015f oldu\u011funun a\u00e7\u0131k\u00e7a belirtilmesi gerekmektedir. (Vek\u00e2let ile evlenme [&hellip;]<\/p>\n","protected":false},"author":1,"featured_media":0,"parent":0,"menu_order":0,"comment_status":"closed","ping_status":"closed","template":"page-templates\/full-width-page.php","meta":{"footnotes":""},"class_list":["post-2643","page","type-page","status-publish","hentry"],"magazineBlocksPostFeaturedMedia":{"thumbnail":false,"medium":false,"medium_large":false,"large":false,"1536x1536":false,"2048x2048":false},"magazineBlocksPostAuthor":{"name":"saricakaya_basin","avatar":"https:\/\/secure.gravatar.com\/avatar\/f477459666d29c7d055fb47d561b67468c119cc769b9f5b294636e811d1a576c?s=96&d=mm&r=g"},"magazineBlocksPostCommentsNumber":false,"magazineBlocksPostExcerpt":"M\u00dcRACAAT \u0130\u015eLEMLER\u0130 Nik\u00e2h i\u015flemleri i\u00e7in ba\u015fvuru esnas\u0131nda \u00e7iftlerin birlikte gelmeleri gerekmektedir. Evlenecek ki\u015fi m\u00fcracaat i\u015flemini vekil olarak atad\u0131\u011f\u0131 ki\u015fi vas\u0131tas\u0131 ile de y\u00fcr\u00fctebilmektedir. Bunun i\u00e7in noterden \u00f6zel vek\u00e2letname d\u00fczenlenmesi ve bu vek\u00e2letnamede, vekalet veren ile vekili ve evlenece\u011fi ki\u015finin tam kimlik bilgilerinin bulunmas\u0131, evlenme i\u015flemlerinin y\u00fcr\u00fct\u00fclmesi i\u00e7in verilmi\u015f oldu\u011funun a\u00e7\u0131k\u00e7a belirtilmesi gerekmektedir. (Vek\u00e2let ile evlenme [&hellip;]","magazineBlocksPostCategories":[],"magazineBlocksPostViewCount":0,"magazineBlocksPostReadTime":2,"_links":{"self":[{"href":"https:\/\/www.saricakaya.bel.tr\/index.php?rest_route=\/wp\/v2\/pages\/2643","targetHints":{"allow":["GET"]}}],"collection":[{"href":"https:\/\/www.saricakaya.bel.tr\/index.php?rest_route=\/wp\/v2\/pages"}],"about":[{"href":"https:\/\/www.saricakaya.bel.tr\/index.php?rest_route=\/wp\/v2\/types\/page"}],"author":[{"embeddable":true,"href":"https:\/\/www.saricakaya.bel.tr\/index.php?rest_route=\/wp\/v2\/users\/1"}],"replies":[{"embeddable":true,"href":"https:\/\/www.saricakaya.bel.tr\/index.php?rest_route=%2Fwp%2Fv2%2Fcomments&post=2643"}],"version-history":[{"count":3,"href":"https:\/\/www.saricakaya.bel.tr\/index.php?rest_route=\/wp\/v2\/pages\/2643\/revisions"}],"predecessor-version":[{"id":2663,"href":"https:\/\/www.saricakaya.bel.tr\/index.php?rest_route=\/wp\/v2\/pages\/2643\/revisions\/2663"}],"wp:attachment":[{"href":"https:\/\/www.saricakaya.bel.tr\/index.php?rest_route=%2Fwp%2Fv2%2Fmedia&parent=2643"}],"curies":[{"name":"wp","href":"https:\/\/api.w.org\/{rel}","templated":true}]}}