{"id":2629,"date":"2025-02-20T13:18:49","date_gmt":"2025-02-20T10:18:49","guid":{"rendered":"https:\/\/www.saricakaya.bel.tr\/?page_id=2629"},"modified":"2025-02-20T13:18:49","modified_gmt":"2025-02-20T10:18:49","slug":"lacin-mahallesi","status":"publish","type":"page","link":"https:\/\/www.saricakaya.bel.tr\/?page_id=2629","title":{"rendered":"La\u00e7in Mahallesi"},"content":{"rendered":"<p><strong>\u0130l\u00e7e merkezimize 15 km uzakl\u0131kta Orta Sakarya Vadisi&#8217;nde yer alan mahallemizde ilk yerle\u015fmenin ne zaman meydana geldi\u011fi tam olarak bilinmemektedir. La\u00e7in mahallemizde krom madeni ile La\u00e7in Maden suyu fabrikas\u0131 bulunmaktad\u0131r. Ayr\u0131ca madensuyunun \u00e7\u0131kt\u0131\u011f\u0131 mesire alan\u0131 oksijen dolu havas\u0131 ve yemye\u015fil g\u00f6r\u00fcnt\u00fcs\u00fcyle do\u011faseverlerin ilgi oda\u011f\u0131 konumundad\u0131r.\u00a0<\/strong><\/p>\n<p>Mahalle N\u00fcfusu: 548<br \/>\nMuhtar: Nazmi Bayram<\/p>\n","protected":false},"excerpt":{"rendered":"<p>\u0130l\u00e7e merkezimize 15 km uzakl\u0131kta Orta Sakarya Vadisi&#8217;nde yer alan mahallemizde ilk yerle\u015fmenin ne zaman meydana geldi\u011fi tam olarak bilinmemektedir. La\u00e7in mahallemizde krom madeni ile La\u00e7in Maden suyu fabrikas\u0131 bulunmaktad\u0131r. Ayr\u0131ca madensuyunun \u00e7\u0131kt\u0131\u011f\u0131 mesire alan\u0131 oksijen dolu havas\u0131 ve yemye\u015fil g\u00f6r\u00fcnt\u00fcs\u00fcyle do\u011faseverlerin ilgi oda\u011f\u0131 konumundad\u0131r.\u00a0 Mahalle N\u00fcfusu: 548 Muhtar: Nazmi Bayram<\/p>\n","protected":false},"author":1,"featured_media":0,"parent":0,"menu_order":0,"comment_status":"closed","ping_status":"closed","template":"","meta":{"footnotes":""},"class_list":["post-2629","page","type-page","status-publish","hentry"],"magazineBlocksPostFeaturedMedia":{"thumbnail":false,"medium":false,"medium_large":false,"large":false,"1536x1536":false,"2048x2048":false},"magazineBlocksPostAuthor":{"name":"saricakaya_basin","avatar":"https:\/\/secure.gravatar.com\/avatar\/f477459666d29c7d055fb47d561b67468c119cc769b9f5b294636e811d1a576c?s=96&d=mm&r=g"},"magazineBlocksPostCommentsNumber":false,"magazineBlocksPostExcerpt":"\u0130l\u00e7e merkezimize 15 km uzakl\u0131kta Orta Sakarya Vadisi&#8217;nde yer alan mahallemizde ilk yerle\u015fmenin ne zaman meydana geldi\u011fi tam olarak bilinmemektedir. La\u00e7in mahallemizde krom madeni ile La\u00e7in Maden suyu fabrikas\u0131 bulunmaktad\u0131r. Ayr\u0131ca madensuyunun \u00e7\u0131kt\u0131\u011f\u0131 mesire alan\u0131 oksijen dolu havas\u0131 ve yemye\u015fil g\u00f6r\u00fcnt\u00fcs\u00fcyle do\u011faseverlerin ilgi oda\u011f\u0131 konumundad\u0131r.\u00a0 Mahalle N\u00fcfusu: 548 Muhtar: Nazmi Bayram","magazineBlocksPostCategories":[],"magazineBlocksPostViewCount":0,"magazineBlocksPostReadTime":1,"_links":{"self":[{"href":"https:\/\/www.saricakaya.bel.tr\/index.php?rest_route=\/wp\/v2\/pages\/2629","targetHints":{"allow":["GET"]}}],"collection":[{"href":"https:\/\/www.saricakaya.bel.tr\/index.php?rest_route=\/wp\/v2\/pages"}],"about":[{"href":"https:\/\/www.saricakaya.bel.tr\/index.php?rest_route=\/wp\/v2\/types\/page"}],"author":[{"embeddable":true,"href":"https:\/\/www.saricakaya.bel.tr\/index.php?rest_route=\/wp\/v2\/users\/1"}],"replies":[{"embeddable":true,"href":"https:\/\/www.saricakaya.bel.tr\/index.php?rest_route=%2Fwp%2Fv2%2Fcomments&post=2629"}],"version-history":[{"count":1,"href":"https:\/\/www.saricakaya.bel.tr\/index.php?rest_route=\/wp\/v2\/pages\/2629\/revisions"}],"predecessor-version":[{"id":2630,"href":"https:\/\/www.saricakaya.bel.tr\/index.php?rest_route=\/wp\/v2\/pages\/2629\/revisions\/2630"}],"wp:attachment":[{"href":"https:\/\/www.saricakaya.bel.tr\/index.php?rest_route=%2Fwp%2Fv2%2Fmedia&parent=2629"}],"curies":[{"name":"wp","href":"https:\/\/api.w.org\/{rel}","templated":true}]}}