{"id":2625,"date":"2025-02-20T13:09:33","date_gmt":"2025-02-20T10:09:33","guid":{"rendered":"https:\/\/www.saricakaya.bel.tr\/?page_id=2625"},"modified":"2025-02-20T13:09:33","modified_gmt":"2025-02-20T10:09:33","slug":"beyyayla-mahallesi","status":"publish","type":"page","link":"https:\/\/www.saricakaya.bel.tr\/?page_id=2625","title":{"rendered":"Beyyayla Mahallesi"},"content":{"rendered":"<p><strong>\u0130l\u00e7e merkezimize 17 km uzakl\u0131kta olan Mahallemizin soyu Karake\u00e7ili y\u00f6r\u00fcklerine dayanmaktad\u0131r. Mahallemiz il\u00e7emize hakim olan Akdeniz ikliminin aksine karasal iklimin etkisi alt\u0131ndad\u0131r. Ekonomisi ise tar\u0131m ve hayvanc\u0131l\u0131\u011fa dayal\u0131d\u0131r. B\u00f6lgenin do\u011fal g\u00fczellikleri aras\u0131nda kire\u00e7 ta\u015f\u0131ndan olu\u015fan D\u00fcden Ma\u011faras\u0131 bulunmaktad\u0131r.\u00a0<\/strong><\/p>\n<p>Mahalle N\u00fcfusu: 332<br \/>\nMuhtar: \u0130brahim Diri<\/p>\n","protected":false},"excerpt":{"rendered":"<p>\u0130l\u00e7e merkezimize 17 km uzakl\u0131kta olan Mahallemizin soyu Karake\u00e7ili y\u00f6r\u00fcklerine dayanmaktad\u0131r. Mahallemiz il\u00e7emize hakim olan Akdeniz ikliminin aksine karasal iklimin etkisi alt\u0131ndad\u0131r. Ekonomisi ise tar\u0131m ve hayvanc\u0131l\u0131\u011fa dayal\u0131d\u0131r. B\u00f6lgenin do\u011fal g\u00fczellikleri aras\u0131nda kire\u00e7 ta\u015f\u0131ndan olu\u015fan D\u00fcden Ma\u011faras\u0131 bulunmaktad\u0131r.\u00a0 Mahalle N\u00fcfusu: 332 Muhtar: \u0130brahim Diri<\/p>\n","protected":false},"author":1,"featured_media":0,"parent":0,"menu_order":0,"comment_status":"closed","ping_status":"closed","template":"","meta":{"footnotes":""},"class_list":["post-2625","page","type-page","status-publish","hentry"],"magazineBlocksPostFeaturedMedia":{"thumbnail":false,"medium":false,"medium_large":false,"large":false,"1536x1536":false,"2048x2048":false},"magazineBlocksPostAuthor":{"name":"saricakaya_basin","avatar":"https:\/\/secure.gravatar.com\/avatar\/f477459666d29c7d055fb47d561b67468c119cc769b9f5b294636e811d1a576c?s=96&d=mm&r=g"},"magazineBlocksPostCommentsNumber":false,"magazineBlocksPostExcerpt":"\u0130l\u00e7e merkezimize 17 km uzakl\u0131kta olan Mahallemizin soyu Karake\u00e7ili y\u00f6r\u00fcklerine dayanmaktad\u0131r. Mahallemiz il\u00e7emize hakim olan Akdeniz ikliminin aksine karasal iklimin etkisi alt\u0131ndad\u0131r. Ekonomisi ise tar\u0131m ve hayvanc\u0131l\u0131\u011fa dayal\u0131d\u0131r. B\u00f6lgenin do\u011fal g\u00fczellikleri aras\u0131nda kire\u00e7 ta\u015f\u0131ndan olu\u015fan D\u00fcden Ma\u011faras\u0131 bulunmaktad\u0131r.\u00a0 Mahalle N\u00fcfusu: 332 Muhtar: \u0130brahim Diri","magazineBlocksPostCategories":[],"magazineBlocksPostViewCount":0,"magazineBlocksPostReadTime":1,"_links":{"self":[{"href":"https:\/\/www.saricakaya.bel.tr\/index.php?rest_route=\/wp\/v2\/pages\/2625","targetHints":{"allow":["GET"]}}],"collection":[{"href":"https:\/\/www.saricakaya.bel.tr\/index.php?rest_route=\/wp\/v2\/pages"}],"about":[{"href":"https:\/\/www.saricakaya.bel.tr\/index.php?rest_route=\/wp\/v2\/types\/page"}],"author":[{"embeddable":true,"href":"https:\/\/www.saricakaya.bel.tr\/index.php?rest_route=\/wp\/v2\/users\/1"}],"replies":[{"embeddable":true,"href":"https:\/\/www.saricakaya.bel.tr\/index.php?rest_route=%2Fwp%2Fv2%2Fcomments&post=2625"}],"version-history":[{"count":1,"href":"https:\/\/www.saricakaya.bel.tr\/index.php?rest_route=\/wp\/v2\/pages\/2625\/revisions"}],"predecessor-version":[{"id":2626,"href":"https:\/\/www.saricakaya.bel.tr\/index.php?rest_route=\/wp\/v2\/pages\/2625\/revisions\/2626"}],"wp:attachment":[{"href":"https:\/\/www.saricakaya.bel.tr\/index.php?rest_route=%2Fwp%2Fv2%2Fmedia&parent=2625"}],"curies":[{"name":"wp","href":"https:\/\/api.w.org\/{rel}","templated":true}]}}