{"id":2623,"date":"2025-02-20T13:01:53","date_gmt":"2025-02-20T10:01:53","guid":{"rendered":"https:\/\/www.saricakaya.bel.tr\/?page_id=2623"},"modified":"2025-02-20T13:01:53","modified_gmt":"2025-02-20T10:01:53","slug":"dagkuplu-mahallesi","status":"publish","type":"page","link":"https:\/\/www.saricakaya.bel.tr\/?page_id=2623","title":{"rendered":"Da\u011fk\u00fcpl\u00fc Mahallesi"},"content":{"rendered":"<p><strong>\u0130l\u00e7e merkezine 16 km uzakl\u0131kta bulunan ve 740 rak\u0131mda yer alan Da\u011fk\u00fcpl\u00fc mahallemiz geni\u015f ancak da\u011f\u0131n\u0131k bir araziye kuruludur. Bol ye\u015filli\u011fi ve da\u011f\u0131n\u0131k yerle\u015fme bi\u00e7imi ile Karadeniz k\u00f6ylerini and\u0131ran mahallemiz genel itibariyle karasal iklim \u00f6zelliklerine sahip olmakla beraber Sar\u0131cakaya&#8217;ya yak\u0131n olan bah\u00e7eler k\u0131sm\u0131nda Akdeniz iklimi \u00f6zelliklerinin de hakim oldu\u011fu g\u00f6r\u00fclmektedir. K\u00fcpl\u00fc dokumas\u0131 ile me\u015fhur olan mahallemiz ayn\u0131 zamanda kiraz\u0131, dutu, k\u0131z\u0131lc\u0131k ve ek\u015fi karadut pekmeziyle de \u00fcnl\u00fcd\u00fcr.\u00a0<\/strong><\/p>\n<p>Mahalle N\u00fcfusu: 303<br \/>\nMuhtar: Talat Akdemir<\/p>\n","protected":false},"excerpt":{"rendered":"<p>\u0130l\u00e7e merkezine 16 km uzakl\u0131kta bulunan ve 740 rak\u0131mda yer alan Da\u011fk\u00fcpl\u00fc mahallemiz geni\u015f ancak da\u011f\u0131n\u0131k bir araziye kuruludur. Bol ye\u015filli\u011fi ve da\u011f\u0131n\u0131k yerle\u015fme bi\u00e7imi ile Karadeniz k\u00f6ylerini and\u0131ran mahallemiz genel itibariyle karasal iklim \u00f6zelliklerine sahip olmakla beraber Sar\u0131cakaya&#8217;ya yak\u0131n olan bah\u00e7eler k\u0131sm\u0131nda Akdeniz iklimi \u00f6zelliklerinin de hakim oldu\u011fu g\u00f6r\u00fclmektedir. K\u00fcpl\u00fc dokumas\u0131 ile me\u015fhur olan [&hellip;]<\/p>\n","protected":false},"author":1,"featured_media":0,"parent":0,"menu_order":0,"comment_status":"closed","ping_status":"closed","template":"","meta":{"footnotes":""},"class_list":["post-2623","page","type-page","status-publish","hentry"],"magazineBlocksPostFeaturedMedia":{"thumbnail":false,"medium":false,"medium_large":false,"large":false,"1536x1536":false,"2048x2048":false},"magazineBlocksPostAuthor":{"name":"saricakaya_basin","avatar":"https:\/\/secure.gravatar.com\/avatar\/f477459666d29c7d055fb47d561b67468c119cc769b9f5b294636e811d1a576c?s=96&d=mm&r=g"},"magazineBlocksPostCommentsNumber":false,"magazineBlocksPostExcerpt":"\u0130l\u00e7e merkezine 16 km uzakl\u0131kta bulunan ve 740 rak\u0131mda yer alan Da\u011fk\u00fcpl\u00fc mahallemiz geni\u015f ancak da\u011f\u0131n\u0131k bir araziye kuruludur. Bol ye\u015filli\u011fi ve da\u011f\u0131n\u0131k yerle\u015fme bi\u00e7imi ile Karadeniz k\u00f6ylerini and\u0131ran mahallemiz genel itibariyle karasal iklim \u00f6zelliklerine sahip olmakla beraber Sar\u0131cakaya&#8217;ya yak\u0131n olan bah\u00e7eler k\u0131sm\u0131nda Akdeniz iklimi \u00f6zelliklerinin de hakim oldu\u011fu g\u00f6r\u00fclmektedir. K\u00fcpl\u00fc dokumas\u0131 ile me\u015fhur olan [&hellip;]","magazineBlocksPostCategories":[],"magazineBlocksPostViewCount":0,"magazineBlocksPostReadTime":1,"_links":{"self":[{"href":"https:\/\/www.saricakaya.bel.tr\/index.php?rest_route=\/wp\/v2\/pages\/2623","targetHints":{"allow":["GET"]}}],"collection":[{"href":"https:\/\/www.saricakaya.bel.tr\/index.php?rest_route=\/wp\/v2\/pages"}],"about":[{"href":"https:\/\/www.saricakaya.bel.tr\/index.php?rest_route=\/wp\/v2\/types\/page"}],"author":[{"embeddable":true,"href":"https:\/\/www.saricakaya.bel.tr\/index.php?rest_route=\/wp\/v2\/users\/1"}],"replies":[{"embeddable":true,"href":"https:\/\/www.saricakaya.bel.tr\/index.php?rest_route=%2Fwp%2Fv2%2Fcomments&post=2623"}],"version-history":[{"count":1,"href":"https:\/\/www.saricakaya.bel.tr\/index.php?rest_route=\/wp\/v2\/pages\/2623\/revisions"}],"predecessor-version":[{"id":2624,"href":"https:\/\/www.saricakaya.bel.tr\/index.php?rest_route=\/wp\/v2\/pages\/2623\/revisions\/2624"}],"wp:attachment":[{"href":"https:\/\/www.saricakaya.bel.tr\/index.php?rest_route=%2Fwp%2Fv2%2Fmedia&parent=2623"}],"curies":[{"name":"wp","href":"https:\/\/api.w.org\/{rel}","templated":true}]}}