{"id":2602,"date":"2025-02-20T12:00:38","date_gmt":"2025-02-20T09:00:38","guid":{"rendered":"https:\/\/www.saricakaya.bel.tr\/?page_id=2602"},"modified":"2025-02-20T12:00:38","modified_gmt":"2025-02-20T09:00:38","slug":"beykoy-mahallesi","status":"publish","type":"page","link":"https:\/\/www.saricakaya.bel.tr\/?page_id=2602","title":{"rendered":"Beyk\u00f6y Mahallesi"},"content":{"rendered":"<p><strong>\u0130l\u00e7emize 15 km mesafede yer alan mahallemiz tarihi en eskiye dayanan yerle\u015fim yerlerinden biridir. T\u00fcrklerin Anadolu&#8217;ya gelmesine kadar Rum k\u00f6y\u00fc olan Beyk\u00f6y, verimli topraklara ve Sakarya Nehri&#8217;nin etkisiyle sulak arazilere sahiptir.\u00a0<\/strong><\/p>\n<p>Mahalle N\u00fcfusu: 386<br \/>\nMuhtar: Mehmet Y\u0131lmaz<\/p>\n","protected":false},"excerpt":{"rendered":"<p>\u0130l\u00e7emize 15 km mesafede yer alan mahallemiz tarihi en eskiye dayanan yerle\u015fim yerlerinden biridir. T\u00fcrklerin Anadolu&#8217;ya gelmesine kadar Rum k\u00f6y\u00fc olan Beyk\u00f6y, verimli topraklara ve Sakarya Nehri&#8217;nin etkisiyle sulak arazilere sahiptir.\u00a0 Mahalle N\u00fcfusu: 386 Muhtar: Mehmet Y\u0131lmaz<\/p>\n","protected":false},"author":1,"featured_media":0,"parent":0,"menu_order":0,"comment_status":"closed","ping_status":"closed","template":"","meta":{"footnotes":""},"class_list":["post-2602","page","type-page","status-publish","hentry"],"magazineBlocksPostFeaturedMedia":{"thumbnail":false,"medium":false,"medium_large":false,"large":false,"1536x1536":false,"2048x2048":false},"magazineBlocksPostAuthor":{"name":"saricakaya_basin","avatar":"https:\/\/secure.gravatar.com\/avatar\/f477459666d29c7d055fb47d561b67468c119cc769b9f5b294636e811d1a576c?s=96&d=mm&r=g"},"magazineBlocksPostCommentsNumber":false,"magazineBlocksPostExcerpt":"\u0130l\u00e7emize 15 km mesafede yer alan mahallemiz tarihi en eskiye dayanan yerle\u015fim yerlerinden biridir. T\u00fcrklerin Anadolu&#8217;ya gelmesine kadar Rum k\u00f6y\u00fc olan Beyk\u00f6y, verimli topraklara ve Sakarya Nehri&#8217;nin etkisiyle sulak arazilere sahiptir.\u00a0 Mahalle N\u00fcfusu: 386 Muhtar: Mehmet Y\u0131lmaz","magazineBlocksPostCategories":[],"magazineBlocksPostViewCount":0,"magazineBlocksPostReadTime":1,"_links":{"self":[{"href":"https:\/\/www.saricakaya.bel.tr\/index.php?rest_route=\/wp\/v2\/pages\/2602","targetHints":{"allow":["GET"]}}],"collection":[{"href":"https:\/\/www.saricakaya.bel.tr\/index.php?rest_route=\/wp\/v2\/pages"}],"about":[{"href":"https:\/\/www.saricakaya.bel.tr\/index.php?rest_route=\/wp\/v2\/types\/page"}],"author":[{"embeddable":true,"href":"https:\/\/www.saricakaya.bel.tr\/index.php?rest_route=\/wp\/v2\/users\/1"}],"replies":[{"embeddable":true,"href":"https:\/\/www.saricakaya.bel.tr\/index.php?rest_route=%2Fwp%2Fv2%2Fcomments&post=2602"}],"version-history":[{"count":1,"href":"https:\/\/www.saricakaya.bel.tr\/index.php?rest_route=\/wp\/v2\/pages\/2602\/revisions"}],"predecessor-version":[{"id":2603,"href":"https:\/\/www.saricakaya.bel.tr\/index.php?rest_route=\/wp\/v2\/pages\/2602\/revisions\/2603"}],"wp:attachment":[{"href":"https:\/\/www.saricakaya.bel.tr\/index.php?rest_route=%2Fwp%2Fv2%2Fmedia&parent=2602"}],"curies":[{"name":"wp","href":"https:\/\/api.w.org\/{rel}","templated":true}]}}