{"id":2600,"date":"2025-02-20T11:56:41","date_gmt":"2025-02-20T08:56:41","guid":{"rendered":"https:\/\/www.saricakaya.bel.tr\/?page_id=2600"},"modified":"2025-02-20T11:56:41","modified_gmt":"2025-02-20T08:56:41","slug":"kapikaya-mahallesi","status":"publish","type":"page","link":"https:\/\/www.saricakaya.bel.tr\/?page_id=2600","title":{"rendered":"Kap\u0131kaya Mahallesi"},"content":{"rendered":"<p><strong>\u0130l\u00e7emizin do\u011fusunda merkeze yakla\u015f\u0131k 10 km uzakl\u0131kta yer alan mahallemiz ad\u0131n\u0131 kap\u0131 g\u00f6revini g\u00f6ren civar\u0131nda ki kayal\u0131klardan alm\u0131\u015ft\u0131r. Verimli sulak arazilerine sahip olan mahallemizde ge\u00e7im kayna\u011f\u0131 tar\u0131md\u0131r. Sebze \u00fcretiminin verimli oldu\u011fu mahallemizde Sebze ve Meyve Hali bulunmaktad\u0131r.\u00a0<\/strong><\/p>\n<p>Mahalle N\u00fcfusu: 388<br \/>\nMuhtar: Celal Ayd\u0131n<\/p>\n<p>Tan\u0131t\u0131m Klibi<\/p>\n","protected":false},"excerpt":{"rendered":"<p>\u0130l\u00e7emizin do\u011fusunda merkeze yakla\u015f\u0131k 10 km uzakl\u0131kta yer alan mahallemiz ad\u0131n\u0131 kap\u0131 g\u00f6revini g\u00f6ren civar\u0131nda ki kayal\u0131klardan alm\u0131\u015ft\u0131r. Verimli sulak arazilerine sahip olan mahallemizde ge\u00e7im kayna\u011f\u0131 tar\u0131md\u0131r. Sebze \u00fcretiminin verimli oldu\u011fu mahallemizde Sebze ve Meyve Hali bulunmaktad\u0131r.\u00a0 Mahalle N\u00fcfusu: 388 Muhtar: Celal Ayd\u0131n Tan\u0131t\u0131m Klibi<\/p>\n","protected":false},"author":1,"featured_media":0,"parent":0,"menu_order":0,"comment_status":"closed","ping_status":"closed","template":"","meta":{"footnotes":""},"class_list":["post-2600","page","type-page","status-publish","hentry"],"magazineBlocksPostFeaturedMedia":{"thumbnail":false,"medium":false,"medium_large":false,"large":false,"1536x1536":false,"2048x2048":false},"magazineBlocksPostAuthor":{"name":"saricakaya_basin","avatar":"https:\/\/secure.gravatar.com\/avatar\/f477459666d29c7d055fb47d561b67468c119cc769b9f5b294636e811d1a576c?s=96&d=mm&r=g"},"magazineBlocksPostCommentsNumber":false,"magazineBlocksPostExcerpt":"\u0130l\u00e7emizin do\u011fusunda merkeze yakla\u015f\u0131k 10 km uzakl\u0131kta yer alan mahallemiz ad\u0131n\u0131 kap\u0131 g\u00f6revini g\u00f6ren civar\u0131nda ki kayal\u0131klardan alm\u0131\u015ft\u0131r. Verimli sulak arazilerine sahip olan mahallemizde ge\u00e7im kayna\u011f\u0131 tar\u0131md\u0131r. Sebze \u00fcretiminin verimli oldu\u011fu mahallemizde Sebze ve Meyve Hali bulunmaktad\u0131r.\u00a0 Mahalle N\u00fcfusu: 388 Muhtar: Celal Ayd\u0131n Tan\u0131t\u0131m Klibi","magazineBlocksPostCategories":[],"magazineBlocksPostViewCount":0,"magazineBlocksPostReadTime":1,"_links":{"self":[{"href":"https:\/\/www.saricakaya.bel.tr\/index.php?rest_route=\/wp\/v2\/pages\/2600","targetHints":{"allow":["GET"]}}],"collection":[{"href":"https:\/\/www.saricakaya.bel.tr\/index.php?rest_route=\/wp\/v2\/pages"}],"about":[{"href":"https:\/\/www.saricakaya.bel.tr\/index.php?rest_route=\/wp\/v2\/types\/page"}],"author":[{"embeddable":true,"href":"https:\/\/www.saricakaya.bel.tr\/index.php?rest_route=\/wp\/v2\/users\/1"}],"replies":[{"embeddable":true,"href":"https:\/\/www.saricakaya.bel.tr\/index.php?rest_route=%2Fwp%2Fv2%2Fcomments&post=2600"}],"version-history":[{"count":1,"href":"https:\/\/www.saricakaya.bel.tr\/index.php?rest_route=\/wp\/v2\/pages\/2600\/revisions"}],"predecessor-version":[{"id":2601,"href":"https:\/\/www.saricakaya.bel.tr\/index.php?rest_route=\/wp\/v2\/pages\/2600\/revisions\/2601"}],"wp:attachment":[{"href":"https:\/\/www.saricakaya.bel.tr\/index.php?rest_route=%2Fwp%2Fv2%2Fmedia&parent=2600"}],"curies":[{"name":"wp","href":"https:\/\/api.w.org\/{rel}","templated":true}]}}