{"id":2597,"date":"2025-02-20T11:52:01","date_gmt":"2025-02-20T08:52:01","guid":{"rendered":"https:\/\/www.saricakaya.bel.tr\/?page_id=2597"},"modified":"2025-02-20T11:52:01","modified_gmt":"2025-02-20T08:52:01","slug":"igdir-mahallesi","status":"publish","type":"page","link":"https:\/\/www.saricakaya.bel.tr\/?page_id=2597","title":{"rendered":"\u0130\u011fdir Mahallesi"},"content":{"rendered":"<p><strong>\u0130l\u00e7e Merkezimize 3 Km uzakl\u0131kta olan eski yerle\u015fimlerinden biridir. \u0130\u011fdir mahallemizde tar\u0131m ve serac\u0131l\u0131k faaliyetleri yo\u011fun \u015fekilde yap\u0131lmakta olup; sebze-meyve hali bulunmaktad\u0131r. \u0130pek b\u00f6cek\u00e7ili\u011fi de yayg\u0131nsal \u015fekilde yap\u0131lmaktad\u0131r.<\/p>\n<p><\/strong>Mahalle N\u00fcfusu: 523<br \/>\nMuhtar: M.Sad\u0131k Kaya<\/p>\n<p>Tan\u0131t\u0131m Klibi<\/p>\n","protected":false},"excerpt":{"rendered":"<p>\u0130l\u00e7e Merkezimize 3 Km uzakl\u0131kta olan eski yerle\u015fimlerinden biridir. \u0130\u011fdir mahallemizde tar\u0131m ve serac\u0131l\u0131k faaliyetleri yo\u011fun \u015fekilde yap\u0131lmakta olup; sebze-meyve hali bulunmaktad\u0131r. \u0130pek b\u00f6cek\u00e7ili\u011fi de yayg\u0131nsal \u015fekilde yap\u0131lmaktad\u0131r. Mahalle N\u00fcfusu: 523 Muhtar: M.Sad\u0131k Kaya Tan\u0131t\u0131m Klibi<\/p>\n","protected":false},"author":1,"featured_media":0,"parent":0,"menu_order":0,"comment_status":"closed","ping_status":"closed","template":"","meta":{"footnotes":""},"class_list":["post-2597","page","type-page","status-publish","hentry"],"magazineBlocksPostFeaturedMedia":{"thumbnail":false,"medium":false,"medium_large":false,"large":false,"1536x1536":false,"2048x2048":false},"magazineBlocksPostAuthor":{"name":"saricakaya_basin","avatar":"https:\/\/secure.gravatar.com\/avatar\/f477459666d29c7d055fb47d561b67468c119cc769b9f5b294636e811d1a576c?s=96&d=mm&r=g"},"magazineBlocksPostCommentsNumber":false,"magazineBlocksPostExcerpt":"\u0130l\u00e7e Merkezimize 3 Km uzakl\u0131kta olan eski yerle\u015fimlerinden biridir. \u0130\u011fdir mahallemizde tar\u0131m ve serac\u0131l\u0131k faaliyetleri yo\u011fun \u015fekilde yap\u0131lmakta olup; sebze-meyve hali bulunmaktad\u0131r. \u0130pek b\u00f6cek\u00e7ili\u011fi de yayg\u0131nsal \u015fekilde yap\u0131lmaktad\u0131r. Mahalle N\u00fcfusu: 523 Muhtar: M.Sad\u0131k Kaya Tan\u0131t\u0131m Klibi","magazineBlocksPostCategories":[],"magazineBlocksPostViewCount":0,"magazineBlocksPostReadTime":1,"_links":{"self":[{"href":"https:\/\/www.saricakaya.bel.tr\/index.php?rest_route=\/wp\/v2\/pages\/2597","targetHints":{"allow":["GET"]}}],"collection":[{"href":"https:\/\/www.saricakaya.bel.tr\/index.php?rest_route=\/wp\/v2\/pages"}],"about":[{"href":"https:\/\/www.saricakaya.bel.tr\/index.php?rest_route=\/wp\/v2\/types\/page"}],"author":[{"embeddable":true,"href":"https:\/\/www.saricakaya.bel.tr\/index.php?rest_route=\/wp\/v2\/users\/1"}],"replies":[{"embeddable":true,"href":"https:\/\/www.saricakaya.bel.tr\/index.php?rest_route=%2Fwp%2Fv2%2Fcomments&post=2597"}],"version-history":[{"count":1,"href":"https:\/\/www.saricakaya.bel.tr\/index.php?rest_route=\/wp\/v2\/pages\/2597\/revisions"}],"predecessor-version":[{"id":2598,"href":"https:\/\/www.saricakaya.bel.tr\/index.php?rest_route=\/wp\/v2\/pages\/2597\/revisions\/2598"}],"wp:attachment":[{"href":"https:\/\/www.saricakaya.bel.tr\/index.php?rest_route=%2Fwp%2Fv2%2Fmedia&parent=2597"}],"curies":[{"name":"wp","href":"https:\/\/api.w.org\/{rel}","templated":true}]}}