{"id":2584,"date":"2025-02-20T11:37:06","date_gmt":"2025-02-20T08:37:06","guid":{"rendered":"https:\/\/www.saricakaya.bel.tr\/?page_id=2584"},"modified":"2025-02-20T11:37:06","modified_gmt":"2025-02-20T08:37:06","slug":"bilal-habesi","status":"publish","type":"page","link":"https:\/\/www.saricakaya.bel.tr\/?page_id=2584","title":{"rendered":"Bilal Habe\u015fi"},"content":{"rendered":"<p>Merkez Mahallemizdir<br \/>\nMahalle N\u00fcfusu: 458<br \/>\nMuhtar: Mustafa U\u00e7ak<\/p>\n<p>Tan\u0131t\u0131m Klibi<\/p>\n<p><iframe loading=\"lazy\" title=\"Bilal Habe\u015fi\" width=\"500\" height=\"281\" src=\"https:\/\/www.youtube.com\/embed\/2UZEeE7gqf0?feature=oembed\" frameborder=\"0\" allow=\"accelerometer; autoplay; clipboard-write; encrypted-media; gyroscope; picture-in-picture; web-share\" referrerpolicy=\"strict-origin-when-cross-origin\" allowfullscreen><\/iframe><\/p>\n","protected":false},"excerpt":{"rendered":"<p>Merkez Mahallemizdir Mahalle N\u00fcfusu: 458 Muhtar: Mustafa U\u00e7ak Tan\u0131t\u0131m Klibi<\/p>\n","protected":false},"author":1,"featured_media":0,"parent":0,"menu_order":0,"comment_status":"closed","ping_status":"closed","template":"","meta":{"footnotes":""},"class_list":["post-2584","page","type-page","status-publish","hentry"],"magazineBlocksPostFeaturedMedia":{"thumbnail":false,"medium":false,"medium_large":false,"large":false,"1536x1536":false,"2048x2048":false},"magazineBlocksPostAuthor":{"name":"saricakaya_basin","avatar":"https:\/\/secure.gravatar.com\/avatar\/f477459666d29c7d055fb47d561b67468c119cc769b9f5b294636e811d1a576c?s=96&d=mm&r=g"},"magazineBlocksPostCommentsNumber":false,"magazineBlocksPostExcerpt":"Merkez Mahallemizdir Mahalle N\u00fcfusu: 458 Muhtar: Mustafa U\u00e7ak Tan\u0131t\u0131m Klibi","magazineBlocksPostCategories":[],"magazineBlocksPostViewCount":0,"magazineBlocksPostReadTime":1,"_links":{"self":[{"href":"https:\/\/www.saricakaya.bel.tr\/index.php?rest_route=\/wp\/v2\/pages\/2584","targetHints":{"allow":["GET"]}}],"collection":[{"href":"https:\/\/www.saricakaya.bel.tr\/index.php?rest_route=\/wp\/v2\/pages"}],"about":[{"href":"https:\/\/www.saricakaya.bel.tr\/index.php?rest_route=\/wp\/v2\/types\/page"}],"author":[{"embeddable":true,"href":"https:\/\/www.saricakaya.bel.tr\/index.php?rest_route=\/wp\/v2\/users\/1"}],"replies":[{"embeddable":true,"href":"https:\/\/www.saricakaya.bel.tr\/index.php?rest_route=%2Fwp%2Fv2%2Fcomments&post=2584"}],"version-history":[{"count":1,"href":"https:\/\/www.saricakaya.bel.tr\/index.php?rest_route=\/wp\/v2\/pages\/2584\/revisions"}],"predecessor-version":[{"id":2585,"href":"https:\/\/www.saricakaya.bel.tr\/index.php?rest_route=\/wp\/v2\/pages\/2584\/revisions\/2585"}],"wp:attachment":[{"href":"https:\/\/www.saricakaya.bel.tr\/index.php?rest_route=%2Fwp%2Fv2%2Fmedia&parent=2584"}],"curies":[{"name":"wp","href":"https:\/\/api.w.org\/{rel}","templated":true}]}}