{"id":2539,"date":"2025-02-20T10:50:07","date_gmt":"2025-02-20T07:50:07","guid":{"rendered":"https:\/\/www.saricakaya.bel.tr\/?page_id=2539"},"modified":"2025-02-20T10:50:07","modified_gmt":"2025-02-20T07:50:07","slug":"camikebir","status":"publish","type":"page","link":"https:\/\/www.saricakaya.bel.tr\/?page_id=2539","title":{"rendered":"Camikebir"},"content":{"rendered":"<p>Merkez Mahallemizdir.<br \/>\nMahallenin N\u00fcfusu: 343<br \/>\nMuhtar: Bilal \u0130htiyar<\/p>\n<p>Tan\u0131t\u0131m Klibi<\/p>\n<p><iframe loading=\"lazy\" title=\"CAM\u0130KEB\u0130R\" width=\"500\" height=\"281\" src=\"https:\/\/www.youtube.com\/embed\/VAJDEDF_4j4?feature=oembed\" frameborder=\"0\" allow=\"accelerometer; autoplay; clipboard-write; encrypted-media; gyroscope; picture-in-picture; web-share\" referrerpolicy=\"strict-origin-when-cross-origin\" allowfullscreen><\/iframe><\/p>\n","protected":false},"excerpt":{"rendered":"<p>Merkez Mahallemizdir. Mahallenin N\u00fcfusu: 343 Muhtar: Bilal \u0130htiyar Tan\u0131t\u0131m Klibi<\/p>\n","protected":false},"author":1,"featured_media":0,"parent":0,"menu_order":0,"comment_status":"closed","ping_status":"closed","template":"","meta":{"footnotes":""},"class_list":["post-2539","page","type-page","status-publish","hentry"],"magazineBlocksPostFeaturedMedia":{"thumbnail":false,"medium":false,"medium_large":false,"large":false,"1536x1536":false,"2048x2048":false},"magazineBlocksPostAuthor":{"name":"saricakaya_basin","avatar":"https:\/\/secure.gravatar.com\/avatar\/f477459666d29c7d055fb47d561b67468c119cc769b9f5b294636e811d1a576c?s=96&d=mm&r=g"},"magazineBlocksPostCommentsNumber":false,"magazineBlocksPostExcerpt":"Merkez Mahallemizdir. Mahallenin N\u00fcfusu: 343 Muhtar: Bilal \u0130htiyar Tan\u0131t\u0131m Klibi","magazineBlocksPostCategories":[],"magazineBlocksPostViewCount":0,"magazineBlocksPostReadTime":1,"_links":{"self":[{"href":"https:\/\/www.saricakaya.bel.tr\/index.php?rest_route=\/wp\/v2\/pages\/2539","targetHints":{"allow":["GET"]}}],"collection":[{"href":"https:\/\/www.saricakaya.bel.tr\/index.php?rest_route=\/wp\/v2\/pages"}],"about":[{"href":"https:\/\/www.saricakaya.bel.tr\/index.php?rest_route=\/wp\/v2\/types\/page"}],"author":[{"embeddable":true,"href":"https:\/\/www.saricakaya.bel.tr\/index.php?rest_route=\/wp\/v2\/users\/1"}],"replies":[{"embeddable":true,"href":"https:\/\/www.saricakaya.bel.tr\/index.php?rest_route=%2Fwp%2Fv2%2Fcomments&post=2539"}],"version-history":[{"count":1,"href":"https:\/\/www.saricakaya.bel.tr\/index.php?rest_route=\/wp\/v2\/pages\/2539\/revisions"}],"predecessor-version":[{"id":2540,"href":"https:\/\/www.saricakaya.bel.tr\/index.php?rest_route=\/wp\/v2\/pages\/2539\/revisions\/2540"}],"wp:attachment":[{"href":"https:\/\/www.saricakaya.bel.tr\/index.php?rest_route=%2Fwp%2Fv2%2Fmedia&parent=2539"}],"curies":[{"name":"wp","href":"https:\/\/api.w.org\/{rel}","templated":true}]}}