{"id":2537,"date":"2025-02-20T10:46:21","date_gmt":"2025-02-20T07:46:21","guid":{"rendered":"https:\/\/www.saricakaya.bel.tr\/?page_id=2537"},"modified":"2025-02-20T13:39:45","modified_gmt":"2025-02-20T10:39:45","slug":"mahallelerimiz","status":"publish","type":"page","link":"https:\/\/www.saricakaya.bel.tr\/?page_id=2537","title":{"rendered":"Mahallelerimiz"},"content":{"rendered":"<p>Tarihi, K\u00fclt\u00fcr\u00fc, Do\u011fas\u0131 ve Gelenekleri\u00a0 ile \u0130\u00e7 Anadolu&#8217;muzun Akdeniz&#8217;i Sar\u0131cakaya il\u00e7emizin 14 mahallesi<\/p>\n<ul>\n<li><a href=\"https:\/\/www.saricakaya.bel.tr\/?page_id=2539\" target=\"_blank\" rel=\"noopener\">CAM\u0130KEB\u0130R<\/a><\/li>\n<li><a href=\"https:\/\/www.saricakaya.bel.tr\/?page_id=2551\" target=\"_blank\" rel=\"noopener\">FAT\u0130H<\/a><\/li>\n<li><a href=\"https:\/\/www.saricakaya.bel.tr\/?page_id=2595\" target=\"_blank\" rel=\"noopener\">YEN\u0130 MAHALLE<\/a><\/li>\n<li><a href=\"https:\/\/www.saricakaya.bel.tr\/?page_id=2572\" target=\"_blank\" rel=\"noopener\">SARIKAYA<\/a><\/li>\n<li><a href=\"https:\/\/www.saricakaya.bel.tr\/?page_id=2584\" target=\"_blank\" rel=\"noopener\">B\u0130LAL HABE\u015e\u0130<\/a><\/li>\n<li><a href=\"https:\/\/www.saricakaya.bel.tr\/?page_id=2597\" target=\"_blank\" rel=\"noopener\">\u0130\u011eD\u0130R<\/a><\/li>\n<li><a href=\"https:\/\/www.saricakaya.bel.tr\/?page_id=2600\" target=\"_blank\" rel=\"noopener\">KAPIKAYA<\/a><\/li>\n<li><a href=\"https:\/\/www.saricakaya.bel.tr\/?page_id=2602\" target=\"_blank\" rel=\"noopener\">BEYK\u00d6Y<\/a><\/li>\n<li><a href=\"https:\/\/www.saricakaya.bel.tr\/?page_id=2604\" target=\"_blank\" rel=\"noopener\">D\u00dcZK\u00d6Y<\/a><\/li>\n<li><a href=\"https:\/\/www.saricakaya.bel.tr\/?page_id=2606\" target=\"_blank\" rel=\"noopener\">MAYISLAR<\/a><\/li>\n<li><a href=\"https:\/\/www.saricakaya.bel.tr\/?page_id=2623\" target=\"_blank\" rel=\"noopener\">DA\u011eK\u00dcPL\u00dc<\/a><\/li>\n<li><a href=\"https:\/\/www.saricakaya.bel.tr\/?page_id=2625\" target=\"_blank\" rel=\"noopener\">BEYYAYLA<\/a><\/li>\n<li><a href=\"https:\/\/www.saricakaya.bel.tr\/?page_id=2627\" target=\"_blank\" rel=\"noopener\">G\u00dcNEYK\u00d6Y<\/a><\/li>\n<li><a href=\"https:\/\/www.saricakaya.bel.tr\/?page_id=2629\" target=\"_blank\" rel=\"noopener\">LA\u00c7\u0130N<\/a><\/li>\n<\/ul>\n","protected":false},"excerpt":{"rendered":"<p>Tarihi, K\u00fclt\u00fcr\u00fc, Do\u011fas\u0131 ve Gelenekleri\u00a0 ile \u0130\u00e7 Anadolu&#8217;muzun Akdeniz&#8217;i Sar\u0131cakaya il\u00e7emizin 14 mahallesi CAM\u0130KEB\u0130R FAT\u0130H YEN\u0130 MAHALLE SARIKAYA B\u0130LAL HABE\u015e\u0130 \u0130\u011eD\u0130R KAPIKAYA BEYK\u00d6Y D\u00dcZK\u00d6Y MAYISLAR DA\u011eK\u00dcPL\u00dc BEYYAYLA G\u00dcNEYK\u00d6Y LA\u00c7\u0130N<\/p>\n","protected":false},"author":1,"featured_media":0,"parent":0,"menu_order":0,"comment_status":"closed","ping_status":"closed","template":"","meta":{"footnotes":""},"class_list":["post-2537","page","type-page","status-publish","hentry"],"magazineBlocksPostFeaturedMedia":{"thumbnail":false,"medium":false,"medium_large":false,"large":false,"1536x1536":false,"2048x2048":false},"magazineBlocksPostAuthor":{"name":"saricakaya_basin","avatar":"https:\/\/secure.gravatar.com\/avatar\/f477459666d29c7d055fb47d561b67468c119cc769b9f5b294636e811d1a576c?s=96&d=mm&r=g"},"magazineBlocksPostCommentsNumber":false,"magazineBlocksPostExcerpt":"Tarihi, K\u00fclt\u00fcr\u00fc, Do\u011fas\u0131 ve Gelenekleri\u00a0 ile \u0130\u00e7 Anadolu&#8217;muzun Akdeniz&#8217;i Sar\u0131cakaya il\u00e7emizin 14 mahallesi CAM\u0130KEB\u0130R FAT\u0130H YEN\u0130 MAHALLE SARIKAYA B\u0130LAL HABE\u015e\u0130 \u0130\u011eD\u0130R KAPIKAYA BEYK\u00d6Y D\u00dcZK\u00d6Y MAYISLAR DA\u011eK\u00dcPL\u00dc BEYYAYLA G\u00dcNEYK\u00d6Y LA\u00c7\u0130N","magazineBlocksPostCategories":[],"magazineBlocksPostViewCount":0,"magazineBlocksPostReadTime":1,"_links":{"self":[{"href":"https:\/\/www.saricakaya.bel.tr\/index.php?rest_route=\/wp\/v2\/pages\/2537","targetHints":{"allow":["GET"]}}],"collection":[{"href":"https:\/\/www.saricakaya.bel.tr\/index.php?rest_route=\/wp\/v2\/pages"}],"about":[{"href":"https:\/\/www.saricakaya.bel.tr\/index.php?rest_route=\/wp\/v2\/types\/page"}],"author":[{"embeddable":true,"href":"https:\/\/www.saricakaya.bel.tr\/index.php?rest_route=\/wp\/v2\/users\/1"}],"replies":[{"embeddable":true,"href":"https:\/\/www.saricakaya.bel.tr\/index.php?rest_route=%2Fwp%2Fv2%2Fcomments&post=2537"}],"version-history":[{"count":9,"href":"https:\/\/www.saricakaya.bel.tr\/index.php?rest_route=\/wp\/v2\/pages\/2537\/revisions"}],"predecessor-version":[{"id":2642,"href":"https:\/\/www.saricakaya.bel.tr\/index.php?rest_route=\/wp\/v2\/pages\/2537\/revisions\/2642"}],"wp:attachment":[{"href":"https:\/\/www.saricakaya.bel.tr\/index.php?rest_route=%2Fwp%2Fv2%2Fmedia&parent=2537"}],"curies":[{"name":"wp","href":"https:\/\/api.w.org\/{rel}","templated":true}]}}