{"id":2496,"date":"2025-02-19T11:28:09","date_gmt":"2025-02-19T08:28:09","guid":{"rendered":"https:\/\/www.saricakaya.bel.tr\/?page_id=2496"},"modified":"2025-02-19T11:28:09","modified_gmt":"2025-02-19T08:28:09","slug":"meclis-uyelerimiz","status":"publish","type":"page","link":"https:\/\/www.saricakaya.bel.tr\/?page_id=2496","title":{"rendered":"Meclis \u00dcyelerimiz"},"content":{"rendered":"<ul>\n<li>Ahmet D\u00f6nmez (Belediye Ba\u015fkan\u0131-AK Parti)<\/li>\n<li>Mehmet Bilen (Meclis \u00dcyesi-AK Parti)<\/li>\n<li>Hikmet Ercan (Meclis \u00dcyesi-AK Parti)<\/li>\n<li>Sedat Y\u0131ld\u0131z (Meclis \u00dcyesi-AK Parti)<\/li>\n<li>Osman \u00c7etin (Meclis \u00dcyesi-MHP)<\/li>\n<li>Enver Ceylan (Meclis \u00dcyesi-AK Parti)<\/li>\n<li>Hasan H\u00fcseyin Kocatepe (Meclis \u00dcyesi- CHP)<\/li>\n<li>Sinan Y\u00fcksel (Meclis \u00dcyesi- CHP)<\/li>\n<li>\u00d6zkan Keskin (Meclis \u00dcyesi-CHP)<\/li>\n<li>Kenan \u00dcnal (Meclis \u00dcyesi-Yeniden Refah Partisi )<\/li>\n<\/ul>\n","protected":false},"excerpt":{"rendered":"<p>Ahmet D\u00f6nmez (Belediye Ba\u015fkan\u0131-AK Parti) Mehmet Bilen (Meclis \u00dcyesi-AK Parti) Hikmet Ercan (Meclis \u00dcyesi-AK Parti) Sedat Y\u0131ld\u0131z (Meclis \u00dcyesi-AK Parti) Osman \u00c7etin (Meclis \u00dcyesi-MHP) Enver Ceylan (Meclis \u00dcyesi-AK Parti) Hasan H\u00fcseyin Kocatepe (Meclis \u00dcyesi- CHP) Sinan Y\u00fcksel (Meclis \u00dcyesi- CHP) \u00d6zkan Keskin (Meclis \u00dcyesi-CHP) Kenan \u00dcnal (Meclis \u00dcyesi-Yeniden Refah Partisi )<\/p>\n","protected":false},"author":1,"featured_media":0,"parent":0,"menu_order":0,"comment_status":"closed","ping_status":"closed","template":"","meta":{"footnotes":""},"class_list":["post-2496","page","type-page","status-publish","hentry"],"magazineBlocksPostFeaturedMedia":{"thumbnail":false,"medium":false,"medium_large":false,"large":false,"1536x1536":false,"2048x2048":false},"magazineBlocksPostAuthor":{"name":"saricakaya_basin","avatar":"https:\/\/secure.gravatar.com\/avatar\/f477459666d29c7d055fb47d561b67468c119cc769b9f5b294636e811d1a576c?s=96&d=mm&r=g"},"magazineBlocksPostCommentsNumber":false,"magazineBlocksPostExcerpt":"Ahmet D\u00f6nmez (Belediye Ba\u015fkan\u0131-AK Parti) Mehmet Bilen (Meclis \u00dcyesi-AK Parti) Hikmet Ercan (Meclis \u00dcyesi-AK Parti) Sedat Y\u0131ld\u0131z (Meclis \u00dcyesi-AK Parti) Osman \u00c7etin (Meclis \u00dcyesi-MHP) Enver Ceylan (Meclis \u00dcyesi-AK Parti) Hasan H\u00fcseyin Kocatepe (Meclis \u00dcyesi- CHP) Sinan Y\u00fcksel (Meclis \u00dcyesi- CHP) \u00d6zkan Keskin (Meclis \u00dcyesi-CHP) Kenan \u00dcnal (Meclis \u00dcyesi-Yeniden Refah Partisi )","magazineBlocksPostCategories":[],"magazineBlocksPostViewCount":0,"magazineBlocksPostReadTime":1,"_links":{"self":[{"href":"https:\/\/www.saricakaya.bel.tr\/index.php?rest_route=\/wp\/v2\/pages\/2496","targetHints":{"allow":["GET"]}}],"collection":[{"href":"https:\/\/www.saricakaya.bel.tr\/index.php?rest_route=\/wp\/v2\/pages"}],"about":[{"href":"https:\/\/www.saricakaya.bel.tr\/index.php?rest_route=\/wp\/v2\/types\/page"}],"author":[{"embeddable":true,"href":"https:\/\/www.saricakaya.bel.tr\/index.php?rest_route=\/wp\/v2\/users\/1"}],"replies":[{"embeddable":true,"href":"https:\/\/www.saricakaya.bel.tr\/index.php?rest_route=%2Fwp%2Fv2%2Fcomments&post=2496"}],"version-history":[{"count":1,"href":"https:\/\/www.saricakaya.bel.tr\/index.php?rest_route=\/wp\/v2\/pages\/2496\/revisions"}],"predecessor-version":[{"id":2497,"href":"https:\/\/www.saricakaya.bel.tr\/index.php?rest_route=\/wp\/v2\/pages\/2496\/revisions\/2497"}],"wp:attachment":[{"href":"https:\/\/www.saricakaya.bel.tr\/index.php?rest_route=%2Fwp%2Fv2%2Fmedia&parent=2496"}],"curies":[{"name":"wp","href":"https:\/\/api.w.org\/{rel}","templated":true}]}}