{"id":2486,"date":"2025-02-19T11:11:47","date_gmt":"2025-02-19T08:11:47","guid":{"rendered":"https:\/\/www.saricakaya.bel.tr\/?page_id=2486"},"modified":"2025-02-19T11:11:47","modified_gmt":"2025-02-19T08:11:47","slug":"eski-baskanlarimiz","status":"publish","type":"page","link":"https:\/\/www.saricakaya.bel.tr\/?page_id=2486","title":{"rendered":"Eski Ba\u015fkanlar\u0131m\u0131z"},"content":{"rendered":"<ul>\n<li>Abdullah Yavuz (1958-1960)<\/li>\n<li>Necdet Karaday\u0131lar (1960-1963\/ATAMA)<\/li>\n<li>Mehmet Sar\u0131 (1963-1965)<\/li>\n<li>\u015eerafettin \u00d6ztekin (1965-1973)<\/li>\n<li>\u015eerafettin Y\u00f6r\u00fcr (1973-1977)<\/li>\n<li>Arif Kart (1977-1980)<\/li>\n<li>Durmu\u015f Demirel (1980-1981\/ATAMA)<\/li>\n<li>\u00a0H.H\u00fcseyin Turan (1981-1983\/ATAMA)<\/li>\n<li>H.H\u00fcseyin Turan (1983-1989)<\/li>\n<li>Fehmi Nalbant (1989-1994)<\/li>\n<li>Ali Kahya (1994-1999)<\/li>\n<li>Ahmet \u00dcnal (1999-2004)<\/li>\n<li>Ali Kahya (28.03.2004-25.05.2004)<\/li>\n<li>Mehmet \u00d6zel (25.06.2004-19.09.2004)<\/li>\n<li>Mehmet Zabun (19.09.2004-31.03.2009)<\/li>\n<li>Ali Kahya (01.04.2009-31.03.2014)<\/li>\n<li>Faruk G\u00fcler (01.04.2014-31.03.2019)<\/li>\n<li>H\u00fcseyin \u00c7am (01.04.2019-31.03.2024)<\/li>\n<\/ul>\n","protected":false},"excerpt":{"rendered":"<p>Abdullah Yavuz (1958-1960) Necdet Karaday\u0131lar (1960-1963\/ATAMA) Mehmet Sar\u0131 (1963-1965) \u015eerafettin \u00d6ztekin (1965-1973) \u015eerafettin Y\u00f6r\u00fcr (1973-1977) Arif Kart (1977-1980) Durmu\u015f Demirel (1980-1981\/ATAMA) \u00a0H.H\u00fcseyin Turan (1981-1983\/ATAMA) H.H\u00fcseyin Turan (1983-1989) Fehmi Nalbant (1989-1994) Ali Kahya (1994-1999) Ahmet \u00dcnal (1999-2004) Ali Kahya (28.03.2004-25.05.2004) Mehmet \u00d6zel (25.06.2004-19.09.2004) Mehmet Zabun (19.09.2004-31.03.2009) Ali Kahya (01.04.2009-31.03.2014) Faruk G\u00fcler (01.04.2014-31.03.2019) H\u00fcseyin \u00c7am (01.04.2019-31.03.2024)<\/p>\n","protected":false},"author":1,"featured_media":0,"parent":0,"menu_order":0,"comment_status":"closed","ping_status":"closed","template":"","meta":{"footnotes":""},"class_list":["post-2486","page","type-page","status-publish","hentry"],"magazineBlocksPostFeaturedMedia":{"thumbnail":false,"medium":false,"medium_large":false,"large":false,"1536x1536":false,"2048x2048":false},"magazineBlocksPostAuthor":{"name":"saricakaya_basin","avatar":"https:\/\/secure.gravatar.com\/avatar\/f477459666d29c7d055fb47d561b67468c119cc769b9f5b294636e811d1a576c?s=96&d=mm&r=g"},"magazineBlocksPostCommentsNumber":false,"magazineBlocksPostExcerpt":"Abdullah Yavuz (1958-1960) Necdet Karaday\u0131lar (1960-1963\/ATAMA) Mehmet Sar\u0131 (1963-1965) \u015eerafettin \u00d6ztekin (1965-1973) \u015eerafettin Y\u00f6r\u00fcr (1973-1977) Arif Kart (1977-1980) Durmu\u015f Demirel (1980-1981\/ATAMA) \u00a0H.H\u00fcseyin Turan (1981-1983\/ATAMA) H.H\u00fcseyin Turan (1983-1989) Fehmi Nalbant (1989-1994) Ali Kahya (1994-1999) Ahmet \u00dcnal (1999-2004) Ali Kahya (28.03.2004-25.05.2004) Mehmet \u00d6zel (25.06.2004-19.09.2004) Mehmet Zabun (19.09.2004-31.03.2009) Ali Kahya (01.04.2009-31.03.2014) Faruk G\u00fcler (01.04.2014-31.03.2019) H\u00fcseyin \u00c7am (01.04.2019-31.03.2024)","magazineBlocksPostCategories":[],"magazineBlocksPostViewCount":0,"magazineBlocksPostReadTime":1,"_links":{"self":[{"href":"https:\/\/www.saricakaya.bel.tr\/index.php?rest_route=\/wp\/v2\/pages\/2486","targetHints":{"allow":["GET"]}}],"collection":[{"href":"https:\/\/www.saricakaya.bel.tr\/index.php?rest_route=\/wp\/v2\/pages"}],"about":[{"href":"https:\/\/www.saricakaya.bel.tr\/index.php?rest_route=\/wp\/v2\/types\/page"}],"author":[{"embeddable":true,"href":"https:\/\/www.saricakaya.bel.tr\/index.php?rest_route=\/wp\/v2\/users\/1"}],"replies":[{"embeddable":true,"href":"https:\/\/www.saricakaya.bel.tr\/index.php?rest_route=%2Fwp%2Fv2%2Fcomments&post=2486"}],"version-history":[{"count":1,"href":"https:\/\/www.saricakaya.bel.tr\/index.php?rest_route=\/wp\/v2\/pages\/2486\/revisions"}],"predecessor-version":[{"id":2487,"href":"https:\/\/www.saricakaya.bel.tr\/index.php?rest_route=\/wp\/v2\/pages\/2486\/revisions\/2487"}],"wp:attachment":[{"href":"https:\/\/www.saricakaya.bel.tr\/index.php?rest_route=%2Fwp%2Fv2%2Fmedia&parent=2486"}],"curies":[{"name":"wp","href":"https:\/\/api.w.org\/{rel}","templated":true}]}}